{"id":448,"date":"2023-10-28T03:20:16","date_gmt":"2023-10-28T03:20:16","guid":{"rendered":"http:\/\/nouveaufilet.com\/a-propos-de\/"},"modified":"2024-02-17T14:13:04","modified_gmt":"2024-02-17T14:13:04","slug":"a-propos-de","status":"publish","type":"page","link":"https:\/\/nouveaufilet.com\/fr\/a-propos-de\/","title":{"rendered":"A propos"},"content":{"rendered":"\t\t<div data-elementor-type=\"wp-page\" data-elementor-id=\"448\" class=\"elementor elementor-448 elementor-7\" data-elementor-post-type=\"page\">\n\t\t\t\t<div class=\"elementor-element elementor-element-bf20d15 e-flex e-con-boxed e-con e-parent\" data-id=\"bf20d15\" data-element_type=\"container\" data-e-type=\"container\" data-settings=\"{&quot;background_background&quot;:&quot;classic&quot;,&quot;shape_divider_bottom&quot;:&quot;waves&quot;}\">\n\t\t\t\t\t<div class=\"e-con-inner\">\n\t\t\t\t<div class=\"elementor-shape elementor-shape-bottom\" aria-hidden=\"true\" data-negative=\"false\">\n\t\t\t<svg xmlns=\"http:\/\/www.w3.org\/2000\/svg\" viewBox=\"0 0 1000 100\" preserveAspectRatio=\"none\">\n\t<path class=\"elementor-shape-fill\" d=\"M421.9,6.5c22.6-2.5,51.5,0.4,75.5,5.3c23.6,4.9,70.9,23.5,100.5,35.7c75.8,32.2,133.7,44.5,192.6,49.7\n\tc23.6,2.1,48.7,3.5,103.4-2.5c54.7-6,106.2-25.6,106.2-25.6V0H0v30.3c0,0,72,32.6,158.4,30.5c39.2-0.7,92.8-6.7,134-22.4\n\tc21.2-8.1,52.2-18.2,79.7-24.2C399.3,7.9,411.6,7.5,421.9,6.5z\"\/>\n<\/svg>\t\t<\/div>\n\t\t\t\t<div class=\"elementor-element elementor-element-5f33a80 elementor-widget elementor-widget-heading\" data-id=\"5f33a80\" data-element_type=\"widget\" data-e-type=\"widget\" data-widget_type=\"heading.default\">\n\t\t\t\t<div class=\"elementor-widget-container\">\n\t\t\t\t\t<h2 class=\"elementor-heading-title elementor-size-default\">\u00c0 PROPOS DE NOUS<\/h2>\t\t\t\t<\/div>\n\t\t\t\t<\/div>\n\t\t\t\t\t<\/div>\n\t\t\t\t<\/div>\n\t\t<div class=\"elementor-element elementor-element-416014c e-flex e-con-boxed e-con e-parent\" data-id=\"416014c\" data-element_type=\"container\" data-e-type=\"container\">\n\t\t\t\t\t<div class=\"e-con-inner\">\n\t\t<div class=\"elementor-element elementor-element-07fd2b7 e-con-full e-flex e-con e-child\" data-id=\"07fd2b7\" data-element_type=\"container\" data-e-type=\"container\">\n\t\t\t\t<div class=\"elementor-element elementor-element-ee55066 elementor-widget elementor-widget-heading\" data-id=\"ee55066\" data-element_type=\"widget\" data-e-type=\"widget\" data-widget_type=\"heading.default\">\n\t\t\t\t<div class=\"elementor-widget-container\">\n\t\t\t\t\t<h2 class=\"elementor-heading-title elementor-size-default\">\u00c0 propos de Nouveau Filet<\/h2>\t\t\t\t<\/div>\n\t\t\t\t<\/div>\n\t\t\t\t<div class=\"elementor-element elementor-element-51c40d8 elementor-widget elementor-widget-text-editor\" data-id=\"51c40d8\" data-element_type=\"widget\" data-e-type=\"widget\" data-widget_type=\"text-editor.default\">\n\t\t\t\t<div class=\"elementor-widget-container\">\n\t\t\t\t\t\t\t\t\t<p>Nouveau Filet s&#8217;est \u00e9tabli dans l&#8217;industrie canadienne des produits de la mer en tant que transformateur, distributeur et importateur de confiance de poisson et de produits de la mer frais et congel\u00e9s.<\/p>\n<p>Nous s\u00e9lectionnons soigneusement tous nos produits afin d&#8217;offrir \u00e0 nos clients les fruits de mer les plus fins et de la plus haute qualit\u00e9.<\/p>\n<p>Nous disposons d&#8217;excellents experts en produits, qui veillent \u00e0 la s\u00e9lection et au contr\u00f4le de la qualit\u00e9 afin de garantir les produits les plus frais \u00e0 nos clients.<\/p>\n<p>Notre \u00e9quipe d&#8217;acheteurs est compos\u00e9e d&#8217;experts du march\u00e9 des produits de la mer et entretient des relations directes avec les producteurs et les p\u00eacheurs canadiens.<\/p>\n<p>Chez Nouveau Filet, nous avons le devoir et le privil\u00e8ge de vous servir des produits frais et surgel\u00e9s d&#8217;excellente qualit\u00e9.  <\/p>\n\t\t\t\t\t\t\t\t<\/div>\n\t\t\t\t<\/div>\n\t\t\t\t<\/div>\n\t\t<div class=\"elementor-element elementor-element-533e64d e-con-full e-flex e-con e-child\" data-id=\"533e64d\" data-element_type=\"container\" data-e-type=\"container\" data-settings=\"{&quot;background_background&quot;:&quot;classic&quot;}\">\n\t\t<div class=\"elementor-element elementor-element-5efc26b e-flex e-con-boxed e-con e-child\" data-id=\"5efc26b\" data-element_type=\"container\" data-e-type=\"container\">\n\t\t\t\t\t<div class=\"e-con-inner\">\n\t\t\t\t<div class=\"elementor-element elementor-element-62bb7e3 elementor-widget elementor-widget-image\" data-id=\"62bb7e3\" data-element_type=\"widget\" data-e-type=\"widget\" data-widget_type=\"image.default\">\n\t\t\t\t<div class=\"elementor-widget-container\">\n\t\t\t\t\t\t\t\t\t\t\t\t\t\t\t<img decoding=\"async\" src=\"https:\/\/nouveaufilet.com\/wp-content\/uploads\/elementor\/thumbs\/NouveauFilet-Gray-transparent-qjy1xm56nhrdyo5ptzhf4u7r141hqepencfzj9plvk.webp\" title=\"NouveauFilet Gray transparent\" alt=\"NouveauFilet Gray transparent\" loading=\"lazy\" \/>\t\t\t\t\t\t\t\t\t\t\t\t\t\t\t<\/div>\n\t\t\t\t<\/div>\n\t\t\t\t\t<\/div>\n\t\t\t\t<\/div>\n\t\t\t\t<\/div>\n\t\t\t\t\t<\/div>\n\t\t\t\t<\/div>\n\t\t<div class=\"elementor-element elementor-element-dfb9f6a e-con-full e-flex e-con e-parent\" data-id=\"dfb9f6a\" data-element_type=\"container\" data-e-type=\"container\">\n\t\t\t\t<div class=\"elementor-element elementor-element-2a85f3c elementor-widget elementor-widget-eael-image-accordion\" data-id=\"2a85f3c\" data-element_type=\"widget\" data-e-type=\"widget\" data-widget_type=\"eael-image-accordion.default\">\n\t\t\t\t<div class=\"elementor-widget-container\">\n\t\t\t\t\t    <div class=\"eael-img-accordion accordion-direction-horizontal eael-img-accordion-horizontal-align-center eael-img-accordion-vertical-align-center\" id=\"eael-img-accordion-2a85f3c\" data-img-accordion-id=\"2a85f3c\" data-img-accordion-type=\"on-hover\">\n                    \n            <div class=\"eael-image-accordion-hover eael-image-accordion-item\" style=\"background-image: url(https:\/\/nouveaufilet.com\/wp-content\/uploads\/2023\/11\/frozen-fish.jpg);\"  tabindex=\"0\">\n                <div class=\"overlay\">\n                                        <div class=\"overlay-inner \">\n                        <h2 class=\"img-accordion-title\">Grande vari\u00e9t\u00e9 de poissons frais et surgel\u00e9s<\/h2>                    <\/div>\n                <\/div>\n            <\/div>\n                    \n            <div class=\"eael-image-accordion-hover eael-image-accordion-item\" style=\"background-image: url(https:\/\/nouveaufilet.com\/wp-content\/uploads\/2023\/11\/oyster-1.jpg);\"  tabindex=\"0\">\n                <div class=\"overlay\">\n                                        <div class=\"overlay-inner \">\n                        <h2 class=\"img-accordion-title\">La s\u00e9lection d'hu\u00eetres la plus fra\u00eeche \u00e0 Montr\u00e9al  <\/h2>                    <\/div>\n                <\/div>\n            <\/div>\n                    \n            <div class=\"eael-image-accordion-hover eael-image-accordion-item\" style=\"background-image: url(https:\/\/nouveaufilet.com\/wp-content\/uploads\/2023\/11\/octopus.jpg);\"  tabindex=\"0\">\n                <div class=\"overlay\">\n                                        <div class=\"overlay-inner \">\n                        <h2 class=\"img-accordion-title\">Tous les types de fruits de mer exotiques<\/h2>                    <\/div>\n                <\/div>\n            <\/div>\n                    \n            <div class=\"eael-image-accordion-hover eael-image-accordion-item\" style=\"background-image: url(https:\/\/nouveaufilet.com\/wp-content\/uploads\/2023\/11\/shripms.jpg);\"  tabindex=\"0\">\n                <div class=\"overlay\">\n                                        <div class=\"overlay-inner \">\n                        <h2 class=\"img-accordion-title\">Crevettes de premi\u00e8re qualit\u00e9  <\/h2>                    <\/div>\n                <\/div>\n            <\/div>\n                    \n            <div class=\"eael-image-accordion-hover eael-image-accordion-item\" style=\"background-image: url(https:\/\/nouveaufilet.com\/wp-content\/uploads\/2023\/11\/salmon.jpg);\"  tabindex=\"0\">\n                <div class=\"overlay\">\n                                        <div class=\"overlay-inner \">\n                        <h2 class=\"img-accordion-title\">Du saumon frais pour votre magasin ou votre restaurant<\/h2>                    <\/div>\n                <\/div>\n            <\/div>\n                <\/div>\n        <style typr=\"text\/css\">\n                    #eael-img-accordion-2a85f3c .eael-image-accordion-hover:hover {\n                        flex: 3 1 0% !important;\n                    }\n                    #eael-img-accordion-2a85f3c .eael-image-accordion-hover:hover:hover .overlay-inner * {\n                        opacity: 1;\n                        visibility: visible;\n                        transform: none;\n                        transition: all .3s .3s;\n                    }\n                <\/style>\t\t\t\t<\/div>\n\t\t\t\t<\/div>\n\t\t\t\t<\/div>\n\t\t\t\t<\/div>\n\t\t","protected":false},"excerpt":{"rendered":"<p>\u00c0 PROPOS DE NOUS \u00c0 propos de Nouveau Filet Nouveau Filet s&#8217;est \u00e9tabli dans l&#8217;industrie canadienne des produits de la mer en tant que transformateur, distributeur et importateur de confiance de poisson et de produits de la mer frais et congel\u00e9s. Nous s\u00e9lectionnons soigneusement tous nos produits afin d&#8217;offrir \u00e0 nos clients les fruits de [&hellip;]<\/p>\n","protected":false},"author":1,"featured_media":0,"parent":0,"menu_order":0,"comment_status":"closed","ping_status":"closed","template":"elementor_header_footer","meta":{"nf_dc_page":"","footnotes":""},"class_list":["post-448","page","type-page","status-publish","hentry"],"yoast_head":"<!-- This site is optimized with the Yoast SEO plugin v27.2 - https:\/\/yoast.com\/product\/yoast-seo-wordpress\/ -->\n<title>A propos - Nouveau Filet<\/title>\n<meta name=\"robots\" content=\"index, follow, max-snippet:-1, max-image-preview:large, max-video-preview:-1\" \/>\n<link rel=\"canonical\" href=\"https:\/\/nouveaufilet.com\/fr\/a-propos-de\/\" \/>\n<meta property=\"og:locale\" content=\"fr_FR\" \/>\n<meta property=\"og:type\" content=\"article\" \/>\n<meta property=\"og:title\" content=\"A propos - Nouveau Filet\" \/>\n<meta property=\"og:description\" content=\"\u00c0 PROPOS DE NOUS \u00c0 propos de Nouveau Filet Nouveau Filet s&#8217;est \u00e9tabli dans l&#8217;industrie canadienne des produits de la mer en tant que transformateur, distributeur et importateur de confiance de poisson et de produits de la mer frais et congel\u00e9s. Nous s\u00e9lectionnons soigneusement tous nos produits afin d&#8217;offrir \u00e0 nos clients les fruits de [&hellip;]\" \/>\n<meta property=\"og:url\" content=\"https:\/\/nouveaufilet.com\/fr\/a-propos-de\/\" \/>\n<meta property=\"og:site_name\" content=\"Nouveau Filet\" \/>\n<meta property=\"article:modified_time\" content=\"2024-02-17T14:13:04+00:00\" \/>\n<meta property=\"og:image\" content=\"http:\/\/nouveaufilet.com\/wp-content\/uploads\/elementor\/thumbs\/NouveauFilet-Gray-transparent-qjy1xm56nhrdyo5ptzhf4u7r141hqepencfzj9plvk.webp\" \/>\n<meta name=\"twitter:card\" content=\"summary_large_image\" \/>\n<meta name=\"twitter:label1\" content=\"Dur\u00e9e de lecture estim\u00e9e\" \/>\n\t<meta name=\"twitter:data1\" content=\"1 minute\" \/>\n<script type=\"application\/ld+json\" class=\"yoast-schema-graph\">{\"@context\":\"https:\/\/schema.org\",\"@graph\":[{\"@type\":\"WebPage\",\"@id\":\"https:\/\/nouveaufilet.com\/fr\/a-propos-de\/\",\"url\":\"https:\/\/nouveaufilet.com\/fr\/a-propos-de\/\",\"name\":\"A propos - Nouveau Filet\",\"isPartOf\":{\"@id\":\"http:\/\/nouveaufilet.com\/fr\/#website\"},\"primaryImageOfPage\":{\"@id\":\"https:\/\/nouveaufilet.com\/fr\/a-propos-de\/#primaryimage\"},\"image\":{\"@id\":\"https:\/\/nouveaufilet.com\/fr\/a-propos-de\/#primaryimage\"},\"thumbnailUrl\":\"https:\/\/nouveaufilet.com\/wp-content\/uploads\/elementor\/thumbs\/NouveauFilet-Gray-transparent-qjy1xm56nhrdyo5ptzhf4u7r141hqepencfzj9plvk.webp\",\"datePublished\":\"2023-10-28T03:20:16+00:00\",\"dateModified\":\"2024-02-17T14:13:04+00:00\",\"breadcrumb\":{\"@id\":\"https:\/\/nouveaufilet.com\/fr\/a-propos-de\/#breadcrumb\"},\"inLanguage\":\"fr-FR\",\"potentialAction\":[{\"@type\":\"ReadAction\",\"target\":[\"https:\/\/nouveaufilet.com\/fr\/a-propos-de\/\"]}]},{\"@type\":\"ImageObject\",\"inLanguage\":\"fr-FR\",\"@id\":\"https:\/\/nouveaufilet.com\/fr\/a-propos-de\/#primaryimage\",\"url\":\"https:\/\/nouveaufilet.com\/wp-content\/uploads\/elementor\/thumbs\/NouveauFilet-Gray-transparent-qjy1xm56nhrdyo5ptzhf4u7r141hqepencfzj9plvk.webp\",\"contentUrl\":\"https:\/\/nouveaufilet.com\/wp-content\/uploads\/elementor\/thumbs\/NouveauFilet-Gray-transparent-qjy1xm56nhrdyo5ptzhf4u7r141hqepencfzj9plvk.webp\"},{\"@type\":\"BreadcrumbList\",\"@id\":\"https:\/\/nouveaufilet.com\/fr\/a-propos-de\/#breadcrumb\",\"itemListElement\":[{\"@type\":\"ListItem\",\"position\":1,\"name\":\"Home\",\"item\":\"http:\/\/nouveaufilet.com\/fr\/\"},{\"@type\":\"ListItem\",\"position\":2,\"name\":\"A propos\"}]},{\"@type\":\"WebSite\",\"@id\":\"http:\/\/nouveaufilet.com\/fr\/#website\",\"url\":\"http:\/\/nouveaufilet.com\/fr\/\",\"name\":\"Nouveau Filet\",\"description\":\"Leading seafood wholesaler in Montreal, Nouveau Filet is your trusted supplier for premium variaty of seafood and fresh fish.\",\"publisher\":{\"@id\":\"http:\/\/nouveaufilet.com\/fr\/#organization\"},\"potentialAction\":[{\"@type\":\"SearchAction\",\"target\":{\"@type\":\"EntryPoint\",\"urlTemplate\":\"http:\/\/nouveaufilet.com\/fr\/?s={search_term_string}\"},\"query-input\":{\"@type\":\"PropertyValueSpecification\",\"valueRequired\":true,\"valueName\":\"search_term_string\"}}],\"inLanguage\":\"fr-FR\"},{\"@type\":\"Organization\",\"@id\":\"http:\/\/nouveaufilet.com\/fr\/#organization\",\"name\":\"Nouveau Filet\",\"url\":\"http:\/\/nouveaufilet.com\/fr\/\",\"logo\":{\"@type\":\"ImageObject\",\"inLanguage\":\"fr-FR\",\"@id\":\"http:\/\/nouveaufilet.com\/fr\/#\/schema\/logo\/image\/\",\"url\":\"https:\/\/nouveaufilet.com\/wp-content\/uploads\/2023\/10\/nouveaufilet_logo_1-1.webp\",\"contentUrl\":\"https:\/\/nouveaufilet.com\/wp-content\/uploads\/2023\/10\/nouveaufilet_logo_1-1.webp\",\"width\":1500,\"height\":1500,\"caption\":\"Nouveau Filet\"},\"image\":{\"@id\":\"http:\/\/nouveaufilet.com\/fr\/#\/schema\/logo\/image\/\"}}]}<\/script>\n<!-- \/ Yoast SEO plugin. -->","yoast_head_json":{"title":"A propos - Nouveau Filet","robots":{"index":"index","follow":"follow","max-snippet":"max-snippet:-1","max-image-preview":"max-image-preview:large","max-video-preview":"max-video-preview:-1"},"canonical":"https:\/\/nouveaufilet.com\/fr\/a-propos-de\/","og_locale":"fr_FR","og_type":"article","og_title":"A propos - Nouveau Filet","og_description":"\u00c0 PROPOS DE NOUS \u00c0 propos de Nouveau Filet Nouveau Filet s&#8217;est \u00e9tabli dans l&#8217;industrie canadienne des produits de la mer en tant que transformateur, distributeur et importateur de confiance de poisson et de produits de la mer frais et congel\u00e9s. Nous s\u00e9lectionnons soigneusement tous nos produits afin d&#8217;offrir \u00e0 nos clients les fruits de [&hellip;]","og_url":"https:\/\/nouveaufilet.com\/fr\/a-propos-de\/","og_site_name":"Nouveau Filet","article_modified_time":"2024-02-17T14:13:04+00:00","og_image":[{"url":"http:\/\/nouveaufilet.com\/wp-content\/uploads\/elementor\/thumbs\/NouveauFilet-Gray-transparent-qjy1xm56nhrdyo5ptzhf4u7r141hqepencfzj9plvk.webp","type":"","width":"","height":""}],"twitter_card":"summary_large_image","twitter_misc":{"Dur\u00e9e de lecture estim\u00e9e":"1 minute"},"schema":{"@context":"https:\/\/schema.org","@graph":[{"@type":"WebPage","@id":"https:\/\/nouveaufilet.com\/fr\/a-propos-de\/","url":"https:\/\/nouveaufilet.com\/fr\/a-propos-de\/","name":"A propos - Nouveau Filet","isPartOf":{"@id":"http:\/\/nouveaufilet.com\/fr\/#website"},"primaryImageOfPage":{"@id":"https:\/\/nouveaufilet.com\/fr\/a-propos-de\/#primaryimage"},"image":{"@id":"https:\/\/nouveaufilet.com\/fr\/a-propos-de\/#primaryimage"},"thumbnailUrl":"https:\/\/nouveaufilet.com\/wp-content\/uploads\/elementor\/thumbs\/NouveauFilet-Gray-transparent-qjy1xm56nhrdyo5ptzhf4u7r141hqepencfzj9plvk.webp","datePublished":"2023-10-28T03:20:16+00:00","dateModified":"2024-02-17T14:13:04+00:00","breadcrumb":{"@id":"https:\/\/nouveaufilet.com\/fr\/a-propos-de\/#breadcrumb"},"inLanguage":"fr-FR","potentialAction":[{"@type":"ReadAction","target":["https:\/\/nouveaufilet.com\/fr\/a-propos-de\/"]}]},{"@type":"ImageObject","inLanguage":"fr-FR","@id":"https:\/\/nouveaufilet.com\/fr\/a-propos-de\/#primaryimage","url":"https:\/\/nouveaufilet.com\/wp-content\/uploads\/elementor\/thumbs\/NouveauFilet-Gray-transparent-qjy1xm56nhrdyo5ptzhf4u7r141hqepencfzj9plvk.webp","contentUrl":"https:\/\/nouveaufilet.com\/wp-content\/uploads\/elementor\/thumbs\/NouveauFilet-Gray-transparent-qjy1xm56nhrdyo5ptzhf4u7r141hqepencfzj9plvk.webp"},{"@type":"BreadcrumbList","@id":"https:\/\/nouveaufilet.com\/fr\/a-propos-de\/#breadcrumb","itemListElement":[{"@type":"ListItem","position":1,"name":"Home","item":"http:\/\/nouveaufilet.com\/fr\/"},{"@type":"ListItem","position":2,"name":"A propos"}]},{"@type":"WebSite","@id":"http:\/\/nouveaufilet.com\/fr\/#website","url":"http:\/\/nouveaufilet.com\/fr\/","name":"Nouveau Filet","description":"Leading seafood wholesaler in Montreal, Nouveau Filet is your trusted supplier for premium variaty of seafood and fresh fish.","publisher":{"@id":"http:\/\/nouveaufilet.com\/fr\/#organization"},"potentialAction":[{"@type":"SearchAction","target":{"@type":"EntryPoint","urlTemplate":"http:\/\/nouveaufilet.com\/fr\/?s={search_term_string}"},"query-input":{"@type":"PropertyValueSpecification","valueRequired":true,"valueName":"search_term_string"}}],"inLanguage":"fr-FR"},{"@type":"Organization","@id":"http:\/\/nouveaufilet.com\/fr\/#organization","name":"Nouveau Filet","url":"http:\/\/nouveaufilet.com\/fr\/","logo":{"@type":"ImageObject","inLanguage":"fr-FR","@id":"http:\/\/nouveaufilet.com\/fr\/#\/schema\/logo\/image\/","url":"https:\/\/nouveaufilet.com\/wp-content\/uploads\/2023\/10\/nouveaufilet_logo_1-1.webp","contentUrl":"https:\/\/nouveaufilet.com\/wp-content\/uploads\/2023\/10\/nouveaufilet_logo_1-1.webp","width":1500,"height":1500,"caption":"Nouveau Filet"},"image":{"@id":"http:\/\/nouveaufilet.com\/fr\/#\/schema\/logo\/image\/"}}]}},"_links":{"self":[{"href":"https:\/\/nouveaufilet.com\/fr\/wp-json\/wp\/v2\/pages\/448","targetHints":{"allow":["GET"]}}],"collection":[{"href":"https:\/\/nouveaufilet.com\/fr\/wp-json\/wp\/v2\/pages"}],"about":[{"href":"https:\/\/nouveaufilet.com\/fr\/wp-json\/wp\/v2\/types\/page"}],"author":[{"embeddable":true,"href":"https:\/\/nouveaufilet.com\/fr\/wp-json\/wp\/v2\/users\/1"}],"replies":[{"embeddable":true,"href":"https:\/\/nouveaufilet.com\/fr\/wp-json\/wp\/v2\/comments?post=448"}],"version-history":[{"count":5,"href":"https:\/\/nouveaufilet.com\/fr\/wp-json\/wp\/v2\/pages\/448\/revisions"}],"predecessor-version":[{"id":504,"href":"https:\/\/nouveaufilet.com\/fr\/wp-json\/wp\/v2\/pages\/448\/revisions\/504"}],"wp:attachment":[{"href":"https:\/\/nouveaufilet.com\/fr\/wp-json\/wp\/v2\/media?parent=448"}],"curies":[{"name":"wp","href":"https:\/\/api.w.org\/{rel}","templated":true}]}}