{"id":444,"date":"2023-10-28T03:20:16","date_gmt":"2023-10-28T03:20:16","guid":{"rendered":"http:\/\/nouveaufilet.com\/contact\/"},"modified":"2023-11-07T01:45:26","modified_gmt":"2023-11-07T01:45:26","slug":"contact","status":"publish","type":"page","link":"https:\/\/nouveaufilet.com\/fr\/contact\/","title":{"rendered":"Contact"},"content":{"rendered":"\t\t<div data-elementor-type=\"wp-page\" data-elementor-id=\"444\" class=\"elementor elementor-444 elementor-8\" data-elementor-post-type=\"page\">\n\t\t\t\t<div class=\"elementor-element elementor-element-b941d4e e-flex e-con-boxed e-con e-parent\" data-id=\"b941d4e\" data-element_type=\"container\" data-e-type=\"container\" data-settings=\"{&quot;background_background&quot;:&quot;classic&quot;,&quot;shape_divider_bottom&quot;:&quot;waves&quot;}\">\n\t\t\t\t\t<div class=\"e-con-inner\">\n\t\t\t\t<div class=\"elementor-shape elementor-shape-bottom\" aria-hidden=\"true\" data-negative=\"false\">\n\t\t\t<svg xmlns=\"http:\/\/www.w3.org\/2000\/svg\" viewBox=\"0 0 1000 100\" preserveAspectRatio=\"none\">\n\t<path class=\"elementor-shape-fill\" d=\"M421.9,6.5c22.6-2.5,51.5,0.4,75.5,5.3c23.6,4.9,70.9,23.5,100.5,35.7c75.8,32.2,133.7,44.5,192.6,49.7\n\tc23.6,2.1,48.7,3.5,103.4-2.5c54.7-6,106.2-25.6,106.2-25.6V0H0v30.3c0,0,72,32.6,158.4,30.5c39.2-0.7,92.8-6.7,134-22.4\n\tc21.2-8.1,52.2-18.2,79.7-24.2C399.3,7.9,411.6,7.5,421.9,6.5z\"\/>\n<\/svg>\t\t<\/div>\n\t\t\t\t<div class=\"elementor-element elementor-element-0a6b977 elementor-widget elementor-widget-heading\" data-id=\"0a6b977\" data-element_type=\"widget\" data-e-type=\"widget\" data-widget_type=\"heading.default\">\n\t\t\t\t<div class=\"elementor-widget-container\">\n\t\t\t\t\t<h2 class=\"elementor-heading-title elementor-size-default\">CONTACTEZ-NOUS<\/h2>\t\t\t\t<\/div>\n\t\t\t\t<\/div>\n\t\t\t\t\t<\/div>\n\t\t\t\t<\/div>\n\t\t<div class=\"elementor-element elementor-element-6f7fd3c e-flex e-con-boxed e-con e-parent\" data-id=\"6f7fd3c\" data-element_type=\"container\" data-e-type=\"container\">\n\t\t\t\t\t<div class=\"e-con-inner\">\n\t\t<div class=\"elementor-element elementor-element-ee9475f e-con-full e-flex e-con e-child\" data-id=\"ee9475f\" data-element_type=\"container\" data-e-type=\"container\">\n\t\t\t\t<div class=\"elementor-element elementor-element-6e1ff43 elementor-widget elementor-widget-heading\" data-id=\"6e1ff43\" data-element_type=\"widget\" data-e-type=\"widget\" data-widget_type=\"heading.default\">\n\t\t\t\t<div class=\"elementor-widget-container\">\n\t\t\t\t\t<h2 class=\"elementor-heading-title elementor-size-default\">Nouveau Filet<\/h2>\t\t\t\t<\/div>\n\t\t\t\t<\/div>\n\t\t\t\t<div class=\"elementor-element elementor-element-2626d40 elementor-widget elementor-widget-text-editor\" data-id=\"2626d40\" data-element_type=\"widget\" data-e-type=\"widget\" data-widget_type=\"text-editor.default\">\n\t\t\t\t<div class=\"elementor-widget-container\">\n\t\t\t\t\t\t\t\t\t<p>4749 Boul. Couture,<br>Saint-L\u00e9onard, QC H1R 3H7<\/p>\n<p>T\u00e9l\u00e9phone : 514-907-5366<\/p>\n<p>Fax : 514-907-5554<\/p>\n<p><\/p>\t\t\t\t\t\t\t\t<\/div>\n\t\t\t\t<\/div>\n\t\t\t\t<\/div>\n\t\t<div class=\"elementor-element elementor-element-3b7f78c e-con-full e-flex e-con e-child\" data-id=\"3b7f78c\" data-element_type=\"container\" data-e-type=\"container\">\n\t\t\t\t<div class=\"elementor-element elementor-element-7356896 elementor-widget elementor-widget-google_maps\" data-id=\"7356896\" data-element_type=\"widget\" data-e-type=\"widget\" data-widget_type=\"google_maps.default\">\n\t\t\t\t<div class=\"elementor-widget-container\">\n\t\t\t\t\t\t\t<div class=\"elementor-custom-embed\">\n\t\t\t<iframe loading=\"lazy\"\n\t\t\t\t\tsrc=\"https:\/\/maps.google.com\/maps?q=4749%20Boul.%20Couture%2C%20St.%20Leonard%2C%20QC%20H1R%203H7&#038;t=m&#038;z=10&#038;output=embed&#038;iwloc=near\"\n\t\t\t\t\ttitle=\"4749 Boul. Couture, St. Leonard, QC H1R 3H7\"\n\t\t\t\t\taria-label=\"4749 Boul. Couture, St. Leonard, QC H1R 3H7\"\n\t\t\t><\/iframe>\n\t\t<\/div>\n\t\t\t\t\t\t<\/div>\n\t\t\t\t<\/div>\n\t\t\t\t<\/div>\n\t\t\t\t\t<\/div>\n\t\t\t\t<\/div>\n\t\t<div class=\"elementor-element elementor-element-56f52d3 e-con-full e-flex e-con e-parent\" data-id=\"56f52d3\" data-element_type=\"container\" data-e-type=\"container\">\n\t\t<div class=\"elementor-element elementor-element-0232d1e e-con-full e-flex e-con e-child\" data-id=\"0232d1e\" data-element_type=\"container\" data-e-type=\"container\" data-settings=\"{&quot;background_background&quot;:&quot;classic&quot;}\">\n\t\t\t\t<div class=\"elementor-element elementor-element-13ba7de elementor-widget elementor-widget-heading\" data-id=\"13ba7de\" data-element_type=\"widget\" data-e-type=\"widget\" data-widget_type=\"heading.default\">\n\t\t\t\t<div class=\"elementor-widget-container\">\n\t\t\t\t\t<h1 class=\"elementor-heading-title elementor-size-default\">Demander plus de d\u00e9tails et la liste compl\u00e8te des prix  \nvia ce formulaire de contact  <\/h1>\t\t\t\t<\/div>\n\t\t\t\t<\/div>\n\t\t\t\t<\/div>\n\t\t<div class=\"elementor-element elementor-element-006cb5a e-con-full e-flex e-con e-child\" data-id=\"006cb5a\" data-element_type=\"container\" data-e-type=\"container\">\n\t\t\t\t<div class=\"elementor-element elementor-element-0056cbc elementor-widget elementor-widget-heading\" data-id=\"0056cbc\" data-element_type=\"widget\" data-e-type=\"widget\" data-widget_type=\"heading.default\">\n\t\t\t\t<div class=\"elementor-widget-container\">\n\t\t\t\t\t<h2 class=\"elementor-heading-title elementor-size-default\">Formulaire de contact<\/h2>\t\t\t\t<\/div>\n\t\t\t\t<\/div>\n\t\t\t\t<div class=\"elementor-element elementor-element-8d9a5f3 elementor-button-align-center elementor-widget elementor-widget-form\" data-id=\"8d9a5f3\" data-element_type=\"widget\" data-e-type=\"widget\" data-settings=\"{&quot;step_next_label&quot;:&quot;Suivant&quot;,&quot;step_previous_label&quot;:&quot;Pr\\u00e9c\\u00e9dent&quot;,&quot;button_width&quot;:&quot;100&quot;,&quot;step_type&quot;:&quot;number_text&quot;,&quot;step_icon_shape&quot;:&quot;circle&quot;}\" data-widget_type=\"form.default\">\n\t\t\t\t<div class=\"elementor-widget-container\">\n\t\t\t\t\t\t\t<form class=\"elementor-form\" method=\"post\" name=\"Nouveau formulaire\" aria-label=\"Nouveau formulaire\">\n\t\t\t<input type=\"hidden\" name=\"post_id\" value=\"444\"\/>\n\t\t\t<input type=\"hidden\" name=\"form_id\" value=\"8d9a5f3\"\/>\n\t\t\t<input type=\"hidden\" name=\"referer_title\" value=\"Contact - Nouveau Filet\" \/>\n\n\t\t\t\t\t\t\t<input type=\"hidden\" name=\"queried_id\" value=\"444\"\/>\n\t\t\t\n\t\t\t<div class=\"elementor-form-fields-wrapper elementor-labels-above\">\n\t\t\t\t\t\t\t\t<div class=\"elementor-field-type-text elementor-field-group elementor-column elementor-field-group-name elementor-col-100\">\n\t\t\t\t\t\t\t\t\t\t\t\t<label for=\"form-field-name\" class=\"elementor-field-label\">\n\t\t\t\t\t\t\t\tNom\t\t\t\t\t\t\t<\/label>\n\t\t\t\t\t\t\t\t\t\t\t\t\t\t<input size=\"1\" type=\"text\" name=\"form_fields[name]\" id=\"form-field-name\" class=\"elementor-field elementor-size-md  elementor-field-textual\" placeholder=\"Nom\">\n\t\t\t\t\t\t\t\t\t\t\t<\/div>\n\t\t\t\t\t\t\t\t<div class=\"elementor-field-type-email elementor-field-group elementor-column elementor-field-group-email elementor-col-100 elementor-field-required\">\n\t\t\t\t\t\t\t\t\t\t\t\t<label for=\"form-field-email\" class=\"elementor-field-label\">\n\t\t\t\t\t\t\t\tCourriel :\t\t\t\t\t\t\t<\/label>\n\t\t\t\t\t\t\t\t\t\t\t\t\t\t<input size=\"1\" type=\"email\" name=\"form_fields[email]\" id=\"form-field-email\" class=\"elementor-field elementor-size-md  elementor-field-textual\" placeholder=\"Courriel :\" required=\"required\">\n\t\t\t\t\t\t\t\t\t\t\t<\/div>\n\t\t\t\t\t\t\t\t<div class=\"elementor-field-type-textarea elementor-field-group elementor-column elementor-field-group-message elementor-col-100\">\n\t\t\t\t\t\t\t\t\t\t\t\t<label for=\"form-field-message\" class=\"elementor-field-label\">\n\t\t\t\t\t\t\t\tMessage\t\t\t\t\t\t\t<\/label>\n\t\t\t\t\t\t<textarea class=\"elementor-field-textual elementor-field  elementor-size-md\" name=\"form_fields[message]\" id=\"form-field-message\" rows=\"4\" placeholder=\"Message\"><\/textarea>\t\t\t\t<\/div>\n\t\t\t\t\t\t\t\t<div class=\"elementor-field-group elementor-column elementor-field-type-submit elementor-col-100 e-form__buttons\">\n\t\t\t\t\t<button class=\"elementor-button elementor-size-sm\" type=\"submit\">\n\t\t\t\t\t\t<span class=\"elementor-button-content-wrapper\">\n\t\t\t\t\t\t\t\t\t\t\t\t\t\t\t\t\t\t\t\t\t\t<span class=\"elementor-button-text\">Envoyer<\/span>\n\t\t\t\t\t\t\t\t\t\t\t\t\t<\/span>\n\t\t\t\t\t<\/button>\n\t\t\t\t<\/div>\n\t\t\t<\/div>\n\t\t<\/form>\n\t\t\t\t\t\t<\/div>\n\t\t\t\t<\/div>\n\t\t\t\t<\/div>\n\t\t<div class=\"elementor-element elementor-element-ccf5601 e-con-full e-flex e-con e-child\" data-id=\"ccf5601\" data-element_type=\"container\" data-e-type=\"container\" data-settings=\"{&quot;background_background&quot;:&quot;classic&quot;}\">\n\t\t\t\t<\/div>\n\t\t\t\t<\/div>\n\t\t\t\t<\/div>\n\t\t","protected":false},"excerpt":{"rendered":"<p>CONTACTEZ-NOUS Nouveau Filet 4749 Boul. Couture,Saint-L\u00e9onard, QC H1R 3H7 T\u00e9l\u00e9phone : 514-907-5366 Fax : 514-907-5554 Demander plus de d\u00e9tails et la liste compl\u00e8te des prix via ce formulaire de contact Formulaire de contact<\/p>\n","protected":false},"author":1,"featured_media":0,"parent":0,"menu_order":0,"comment_status":"closed","ping_status":"closed","template":"elementor_header_footer","meta":{"nf_dc_page":"","footnotes":""},"class_list":["post-444","page","type-page","status-publish","hentry"],"yoast_head":"<!-- This site is optimized with the Yoast SEO plugin v27.2 - https:\/\/yoast.com\/product\/yoast-seo-wordpress\/ -->\n<title>Contact - Nouveau Filet<\/title>\n<meta name=\"robots\" content=\"index, follow, max-snippet:-1, max-image-preview:large, max-video-preview:-1\" \/>\n<link rel=\"canonical\" href=\"https:\/\/nouveaufilet.com\/fr\/contact\/\" \/>\n<meta property=\"og:locale\" content=\"fr_FR\" \/>\n<meta property=\"og:type\" content=\"article\" \/>\n<meta property=\"og:title\" content=\"Contact - Nouveau Filet\" \/>\n<meta property=\"og:description\" content=\"CONTACTEZ-NOUS Nouveau Filet 4749 Boul. Couture,Saint-L\u00e9onard, QC H1R 3H7 T\u00e9l\u00e9phone : 514-907-5366 Fax : 514-907-5554 Demander plus de d\u00e9tails et la liste compl\u00e8te des prix via ce formulaire de contact Formulaire de contact\" \/>\n<meta property=\"og:url\" content=\"https:\/\/nouveaufilet.com\/fr\/contact\/\" \/>\n<meta property=\"og:site_name\" content=\"Nouveau Filet\" \/>\n<meta property=\"article:modified_time\" content=\"2023-11-07T01:45:26+00:00\" \/>\n<meta name=\"twitter:card\" content=\"summary_large_image\" \/>\n<script type=\"application\/ld+json\" class=\"yoast-schema-graph\">{\"@context\":\"https:\/\/schema.org\",\"@graph\":[{\"@type\":\"WebPage\",\"@id\":\"https:\/\/nouveaufilet.com\/fr\/contact\/\",\"url\":\"https:\/\/nouveaufilet.com\/fr\/contact\/\",\"name\":\"Contact - Nouveau Filet\",\"isPartOf\":{\"@id\":\"http:\/\/nouveaufilet.com\/fr\/#website\"},\"datePublished\":\"2023-10-28T03:20:16+00:00\",\"dateModified\":\"2023-11-07T01:45:26+00:00\",\"breadcrumb\":{\"@id\":\"https:\/\/nouveaufilet.com\/fr\/contact\/#breadcrumb\"},\"inLanguage\":\"fr-FR\",\"potentialAction\":[{\"@type\":\"ReadAction\",\"target\":[\"https:\/\/nouveaufilet.com\/fr\/contact\/\"]}]},{\"@type\":\"BreadcrumbList\",\"@id\":\"https:\/\/nouveaufilet.com\/fr\/contact\/#breadcrumb\",\"itemListElement\":[{\"@type\":\"ListItem\",\"position\":1,\"name\":\"Home\",\"item\":\"http:\/\/nouveaufilet.com\/fr\/\"},{\"@type\":\"ListItem\",\"position\":2,\"name\":\"Contact\"}]},{\"@type\":\"WebSite\",\"@id\":\"http:\/\/nouveaufilet.com\/fr\/#website\",\"url\":\"http:\/\/nouveaufilet.com\/fr\/\",\"name\":\"Nouveau Filet\",\"description\":\"Leading seafood wholesaler in Montreal, Nouveau Filet is your trusted supplier for premium variaty of seafood and fresh fish.\",\"publisher\":{\"@id\":\"http:\/\/nouveaufilet.com\/fr\/#organization\"},\"potentialAction\":[{\"@type\":\"SearchAction\",\"target\":{\"@type\":\"EntryPoint\",\"urlTemplate\":\"http:\/\/nouveaufilet.com\/fr\/?s={search_term_string}\"},\"query-input\":{\"@type\":\"PropertyValueSpecification\",\"valueRequired\":true,\"valueName\":\"search_term_string\"}}],\"inLanguage\":\"fr-FR\"},{\"@type\":\"Organization\",\"@id\":\"http:\/\/nouveaufilet.com\/fr\/#organization\",\"name\":\"Nouveau Filet\",\"url\":\"http:\/\/nouveaufilet.com\/fr\/\",\"logo\":{\"@type\":\"ImageObject\",\"inLanguage\":\"fr-FR\",\"@id\":\"http:\/\/nouveaufilet.com\/fr\/#\/schema\/logo\/image\/\",\"url\":\"https:\/\/nouveaufilet.com\/wp-content\/uploads\/2023\/10\/nouveaufilet_logo_1-1.webp\",\"contentUrl\":\"https:\/\/nouveaufilet.com\/wp-content\/uploads\/2023\/10\/nouveaufilet_logo_1-1.webp\",\"width\":1500,\"height\":1500,\"caption\":\"Nouveau Filet\"},\"image\":{\"@id\":\"http:\/\/nouveaufilet.com\/fr\/#\/schema\/logo\/image\/\"}}]}<\/script>\n<!-- \/ Yoast SEO plugin. -->","yoast_head_json":{"title":"Contact - Nouveau Filet","robots":{"index":"index","follow":"follow","max-snippet":"max-snippet:-1","max-image-preview":"max-image-preview:large","max-video-preview":"max-video-preview:-1"},"canonical":"https:\/\/nouveaufilet.com\/fr\/contact\/","og_locale":"fr_FR","og_type":"article","og_title":"Contact - Nouveau Filet","og_description":"CONTACTEZ-NOUS Nouveau Filet 4749 Boul. Couture,Saint-L\u00e9onard, QC H1R 3H7 T\u00e9l\u00e9phone : 514-907-5366 Fax : 514-907-5554 Demander plus de d\u00e9tails et la liste compl\u00e8te des prix via ce formulaire de contact Formulaire de contact","og_url":"https:\/\/nouveaufilet.com\/fr\/contact\/","og_site_name":"Nouveau Filet","article_modified_time":"2023-11-07T01:45:26+00:00","twitter_card":"summary_large_image","schema":{"@context":"https:\/\/schema.org","@graph":[{"@type":"WebPage","@id":"https:\/\/nouveaufilet.com\/fr\/contact\/","url":"https:\/\/nouveaufilet.com\/fr\/contact\/","name":"Contact - Nouveau Filet","isPartOf":{"@id":"http:\/\/nouveaufilet.com\/fr\/#website"},"datePublished":"2023-10-28T03:20:16+00:00","dateModified":"2023-11-07T01:45:26+00:00","breadcrumb":{"@id":"https:\/\/nouveaufilet.com\/fr\/contact\/#breadcrumb"},"inLanguage":"fr-FR","potentialAction":[{"@type":"ReadAction","target":["https:\/\/nouveaufilet.com\/fr\/contact\/"]}]},{"@type":"BreadcrumbList","@id":"https:\/\/nouveaufilet.com\/fr\/contact\/#breadcrumb","itemListElement":[{"@type":"ListItem","position":1,"name":"Home","item":"http:\/\/nouveaufilet.com\/fr\/"},{"@type":"ListItem","position":2,"name":"Contact"}]},{"@type":"WebSite","@id":"http:\/\/nouveaufilet.com\/fr\/#website","url":"http:\/\/nouveaufilet.com\/fr\/","name":"Nouveau Filet","description":"Leading seafood wholesaler in Montreal, Nouveau Filet is your trusted supplier for premium variaty of seafood and fresh fish.","publisher":{"@id":"http:\/\/nouveaufilet.com\/fr\/#organization"},"potentialAction":[{"@type":"SearchAction","target":{"@type":"EntryPoint","urlTemplate":"http:\/\/nouveaufilet.com\/fr\/?s={search_term_string}"},"query-input":{"@type":"PropertyValueSpecification","valueRequired":true,"valueName":"search_term_string"}}],"inLanguage":"fr-FR"},{"@type":"Organization","@id":"http:\/\/nouveaufilet.com\/fr\/#organization","name":"Nouveau Filet","url":"http:\/\/nouveaufilet.com\/fr\/","logo":{"@type":"ImageObject","inLanguage":"fr-FR","@id":"http:\/\/nouveaufilet.com\/fr\/#\/schema\/logo\/image\/","url":"https:\/\/nouveaufilet.com\/wp-content\/uploads\/2023\/10\/nouveaufilet_logo_1-1.webp","contentUrl":"https:\/\/nouveaufilet.com\/wp-content\/uploads\/2023\/10\/nouveaufilet_logo_1-1.webp","width":1500,"height":1500,"caption":"Nouveau Filet"},"image":{"@id":"http:\/\/nouveaufilet.com\/fr\/#\/schema\/logo\/image\/"}}]}},"_links":{"self":[{"href":"https:\/\/nouveaufilet.com\/fr\/wp-json\/wp\/v2\/pages\/444","targetHints":{"allow":["GET"]}}],"collection":[{"href":"https:\/\/nouveaufilet.com\/fr\/wp-json\/wp\/v2\/pages"}],"about":[{"href":"https:\/\/nouveaufilet.com\/fr\/wp-json\/wp\/v2\/types\/page"}],"author":[{"embeddable":true,"href":"https:\/\/nouveaufilet.com\/fr\/wp-json\/wp\/v2\/users\/1"}],"replies":[{"embeddable":true,"href":"https:\/\/nouveaufilet.com\/fr\/wp-json\/wp\/v2\/comments?post=444"}],"version-history":[{"count":1,"href":"https:\/\/nouveaufilet.com\/fr\/wp-json\/wp\/v2\/pages\/444\/revisions"}],"predecessor-version":[{"id":450,"href":"https:\/\/nouveaufilet.com\/fr\/wp-json\/wp\/v2\/pages\/444\/revisions\/450"}],"wp:attachment":[{"href":"https:\/\/nouveaufilet.com\/fr\/wp-json\/wp\/v2\/media?parent=444"}],"curies":[{"name":"wp","href":"https:\/\/api.w.org\/{rel}","templated":true}]}}